{"id":24,"date":"2025-03-09T20:36:19","date_gmt":"2025-03-09T19:36:19","guid":{"rendered":"https:\/\/www.zurba.cz\/?page_id=24"},"modified":"2025-07-23T09:06:19","modified_gmt":"2025-07-23T07:06:19","slug":"kontakty","status":"publish","type":"page","link":"https:\/\/noemaerba.com\/?page_id=24","title":{"rendered":"Kontakty"},"content":{"rendered":"\t\t<div data-elementor-type=\"wp-page\" data-elementor-id=\"24\" class=\"elementor elementor-24\" data-elementor-post-type=\"page\">\n\t\t\t\t<div class=\"elementor-element elementor-element-869035e e-flex e-con-boxed e-con e-parent\" data-id=\"869035e\" data-element_type=\"container\">\n\t\t\t\t\t<div class=\"e-con-inner\">\n\t\t\t\t<div class=\"elementor-element elementor-element-714da01 elementor-widget elementor-widget-spacer\" data-id=\"714da01\" data-element_type=\"widget\" data-widget_type=\"spacer.default\">\n\t\t\t\t<div class=\"elementor-widget-container\">\n\t\t\t\t\t\t\t<div class=\"elementor-spacer\">\n\t\t\t<div class=\"elementor-spacer-inner\"><\/div>\n\t\t<\/div>\n\t\t\t\t\t\t<\/div>\n\t\t\t\t<\/div>\n\t\t\t\t\t<\/div>\n\t\t\t\t<\/div>\n\t\t<div class=\"elementor-element elementor-element-51bb1c5 e-flex e-con-boxed e-con e-parent\" data-id=\"51bb1c5\" data-element_type=\"container\">\n\t\t\t\t\t<div class=\"e-con-inner\">\n\t\t<div class=\"elementor-element elementor-element-bb24e00 e-con-full e-flex e-con e-child\" data-id=\"bb24e00\" data-element_type=\"container\">\n\t\t\t\t<div class=\"elementor-element elementor-element-5445342 elementor-widget__width-initial elementor-widget elementor-widget-image\" data-id=\"5445342\" data-element_type=\"widget\" data-widget_type=\"image.default\">\n\t\t\t\t<div class=\"elementor-widget-container\">\n\t\t\t\t\t\t\t\t\t\t\t\t\t\t\t<img fetchpriority=\"high\" decoding=\"async\" width=\"800\" height=\"670\" src=\"https:\/\/noemaerba.com\/wp-content\/uploads\/2025\/07\/Navrh-bez-nazvu-9-1024x858.jpg\" class=\"attachment-large size-large wp-image-502\" alt=\"\" srcset=\"https:\/\/noemaerba.com\/wp-content\/uploads\/2025\/07\/Navrh-bez-nazvu-9-1024x858.jpg 1024w, https:\/\/noemaerba.com\/wp-content\/uploads\/2025\/07\/Navrh-bez-nazvu-9-300x251.jpg 300w, https:\/\/noemaerba.com\/wp-content\/uploads\/2025\/07\/Navrh-bez-nazvu-9-768x644.jpg 768w, https:\/\/noemaerba.com\/wp-content\/uploads\/2025\/07\/Navrh-bez-nazvu-9-1536x1288.jpg 1536w, https:\/\/noemaerba.com\/wp-content\/uploads\/2025\/07\/Navrh-bez-nazvu-9.jpg 1880w\" sizes=\"(max-width: 800px) 100vw, 800px\" \/>\t\t\t\t\t\t\t\t\t\t\t\t\t\t\t<\/div>\n\t\t\t\t<\/div>\n\t\t\t\t<\/div>\n\t\t<div class=\"elementor-element elementor-element-5b723ad e-con-full e-flex e-con e-child\" data-id=\"5b723ad\" data-element_type=\"container\">\n\t\t<div class=\"elementor-element elementor-element-3c2d09e e-con-full e-flex e-con e-child\" data-id=\"3c2d09e\" data-element_type=\"container\">\n\t\t\t\t<div class=\"elementor-element elementor-element-af18637 elementor-widget__width-initial elementor-widget elementor-widget-text-editor\" data-id=\"af18637\" data-element_type=\"widget\" data-widget_type=\"text-editor.default\">\n\t\t\t\t<div class=\"elementor-widget-container\">\n\t\t\t\t\t\t\t\t\t<p data-start=\"103\" data-end=\"354\"><strong>MgA. Noema Erba<br \/><\/strong>tel.: +420 606 554 168<br \/>e-mail: culture@tanellno.com<\/p><p data-start=\"103\" data-end=\"354\">T\u011b\u0161\u00edm se na dal\u0161\u00ed setk\u00e1n\u00ed s V\u00e1mi!<\/p>\t\t\t\t\t\t\t\t<\/div>\n\t\t\t\t<\/div>\n\t\t\t\t<\/div>\n\t\t\t\t<\/div>\n\t\t\t\t\t<\/div>\n\t\t\t\t<\/div>\n\t\t\t\t<\/div>\n\t\t","protected":false},"excerpt":{"rendered":"<p>MgA. Noema Erbatel.: +420 606 554 168e-mail: culture@tanellno.com T\u011b\u0161\u00edm se na dal\u0161\u00ed setk\u00e1n\u00ed s V\u00e1mi!<\/p>\n","protected":false},"author":1,"featured_media":0,"parent":0,"menu_order":0,"comment_status":"closed","ping_status":"closed","template":"","meta":{"footnotes":""},"class_list":["post-24","page","type-page","status-publish","hentry"],"_links":{"self":[{"href":"https:\/\/noemaerba.com\/index.php?rest_route=\/wp\/v2\/pages\/24","targetHints":{"allow":["GET"]}}],"collection":[{"href":"https:\/\/noemaerba.com\/index.php?rest_route=\/wp\/v2\/pages"}],"about":[{"href":"https:\/\/noemaerba.com\/index.php?rest_route=\/wp\/v2\/types\/page"}],"author":[{"embeddable":true,"href":"https:\/\/noemaerba.com\/index.php?rest_route=\/wp\/v2\/users\/1"}],"replies":[{"embeddable":true,"href":"https:\/\/noemaerba.com\/index.php?rest_route=%2Fwp%2Fv2%2Fcomments&post=24"}],"version-history":[{"count":76,"href":"https:\/\/noemaerba.com\/index.php?rest_route=\/wp\/v2\/pages\/24\/revisions"}],"predecessor-version":[{"id":585,"href":"https:\/\/noemaerba.com\/index.php?rest_route=\/wp\/v2\/pages\/24\/revisions\/585"}],"wp:attachment":[{"href":"https:\/\/noemaerba.com\/index.php?rest_route=%2Fwp%2Fv2%2Fmedia&parent=24"}],"curies":[{"name":"wp","href":"https:\/\/api.w.org\/{rel}","templated":true}]}}