{"id":82,"date":"2025-03-14T15:29:56","date_gmt":"2025-03-14T14:29:56","guid":{"rendered":"https:\/\/www.zurba.cz\/?page_id=82"},"modified":"2025-07-20T22:41:35","modified_gmt":"2025-07-20T20:41:35","slug":"o-mne-2","status":"publish","type":"page","link":"https:\/\/noemaerba.com\/?page_id=82","title":{"rendered":"O mn\u011b"},"content":{"rendered":"\t\t<div data-elementor-type=\"wp-page\" data-elementor-id=\"82\" class=\"elementor elementor-82\" data-elementor-post-type=\"page\">\n\t\t\t\t<div class=\"elementor-element elementor-element-c531f4d e-flex e-con-boxed e-con e-parent\" data-id=\"c531f4d\" data-element_type=\"container\">\n\t\t\t\t\t<div class=\"e-con-inner\">\n\t\t<div class=\"elementor-element elementor-element-5cbe1fc e-con-full e-flex e-con e-child\" data-id=\"5cbe1fc\" data-element_type=\"container\">\n\t\t<div class=\"elementor-element elementor-element-7d0eadd e-con-full e-flex e-con e-child\" data-id=\"7d0eadd\" data-element_type=\"container\">\n\t\t<div class=\"elementor-element elementor-element-8cafa42 e-con-full e-flex e-con e-child\" data-id=\"8cafa42\" data-element_type=\"container\">\n\t\t\t\t<div class=\"elementor-element elementor-element-41187cc elementor-widget elementor-widget-heading\" data-id=\"41187cc\" data-element_type=\"widget\" data-widget_type=\"heading.default\">\n\t\t\t\t<div class=\"elementor-widget-container\">\n\t\t\t\t\t<h2 class=\"elementor-heading-title elementor-size-default\">Noema Erba \u2013 Sopranistka s v\u00e1\u0161n\u00ed pro operu<\/h2>\t\t\t\t<\/div>\n\t\t\t\t<\/div>\n\t\t\t\t<\/div>\n\t\t\t\t<div class=\"elementor-element elementor-element-f3637b5 elementor-widget elementor-widget-text-editor\" data-id=\"f3637b5\" data-element_type=\"widget\" data-widget_type=\"text-editor.default\">\n\t\t\t\t<div class=\"elementor-widget-container\">\n\t\t\t\t\t\t\t\t\t<p>Noema Erba je vyhled\u00e1van\u00e1 \u010desk\u00e1 sopranistka, kter\u00e1 si z\u00edskala mezin\u00e1rodn\u00ed uzn\u00e1n\u00ed d\u00edky sv\u00e9mu v\u00fdjime\u010dn\u00e9mu hlasu, dokonal\u00e9 tessitu\u0159e a emotivn\u00edmu projevu. Jej\u00ed interpretace spojuje technickou brilantnost s hlubok\u00fdm proc\u00edt\u011bn\u00edm ka\u017ed\u00e9 role, co\u017e ji \u010din\u00ed jedine\u010dnou na opern\u00ed sc\u00e9n\u011b. Publikum po cel\u00e9m sv\u011bt\u011b si podma\u0148uje svou v\u00e1\u0161n\u00ed pro hudbu, p\u0159irozen\u00fdm jevi\u0161tn\u00edm projevem a schopnost\u00ed p\u0159en\u00e9st poslucha\u010de do sv\u011bta opern\u00edch p\u0159\u00edb\u011bh\u016f.<\/p>\t\t\t\t\t\t\t\t<\/div>\n\t\t\t\t<\/div>\n\t\t\t\t<\/div>\n\t\t\t\t<\/div>\n\t\t<div class=\"elementor-element elementor-element-4fe0918 e-con-full e-flex e-con e-child\" data-id=\"4fe0918\" data-element_type=\"container\">\n\t\t\t\t<div class=\"elementor-element elementor-element-ff7cf77 elementor-widget elementor-widget-heading\" data-id=\"ff7cf77\" data-element_type=\"widget\" data-widget_type=\"heading.default\">\n\t\t\t\t<div class=\"elementor-widget-container\">\n\t\t\t\t\t<h2 class=\"elementor-heading-title elementor-size-default\">Um\u011bleck\u00e1 dr\u00e1ha<\/h2>\t\t\t\t<\/div>\n\t\t\t\t<\/div>\n\t\t\t\t<div class=\"elementor-element elementor-element-58884c0 elementor-widget elementor-widget-text-editor\" data-id=\"58884c0\" data-element_type=\"widget\" data-widget_type=\"text-editor.default\">\n\t\t\t\t<div class=\"elementor-widget-container\">\n\t\t\t\t\t\t\t\t\t<p data-start=\"598\" data-end=\"974\">Noema Erba vystoupila na v\u00fdznamn\u00fdch opern\u00edch sc\u00e9n\u00e1ch a koncertn\u00edch s\u00e1lech po cel\u00e9m sv\u011bt\u011b, od Evropy p\u0159es Asii a\u017e po Ji\u017en\u00ed Ameriku. Mezi presti\u017en\u00ed instituce, kde \u00fa\u010dinkovala, pat\u0159\u00ed nap\u0159\u00edklad St\u00e1tn\u00ed opera Bansk\u00e1 Bystrica, Teatro Verdi v Pise, Teatro Ariston v Sanremu, Severo\u010desk\u00e9 divadlo opery a baletu v \u00dast\u00ed nad Labem, Rudolfinum v Praze \u010di Amman Opera Festival v Jord\u00e1nsku.<\/p><p data-start=\"976\" data-end=\"1116\">Jej\u00ed opern\u00ed reperto\u00e1r zahrnuje \u0161irokou \u0161k\u00e1lu postav \u2013 od dramatick\u00fdch a\u017e po lyrick\u00e9 role. Mezi jej\u00ed nejv\u00fdznamn\u011bj\u0161\u00ed opern\u00ed ztv\u00e1rn\u011bn\u00ed pat\u0159\u00ed:<\/p><ul data-start=\"1117\" data-end=\"1429\"><li data-start=\"1117\" data-end=\"1218\"><strong data-start=\"1119\" data-end=\"1128\">Tosca<\/strong> (<em data-start=\"1130\" data-end=\"1137\">Tosca<\/em>), <strong data-start=\"1140\" data-end=\"1152\">Santuzza<\/strong> (<em data-start=\"1154\" data-end=\"1176\">Cavalleria rusticana<\/em>), <strong data-start=\"1179\" data-end=\"1187\">Mimi<\/strong> a <strong data-start=\"1190\" data-end=\"1201\">Musetta<\/strong> (<em data-start=\"1203\" data-end=\"1214\">La Boh\u00e8me<\/em>),<\/li><li data-start=\"1219\" data-end=\"1315\"><strong data-start=\"1221\" data-end=\"1233\">Violetta<\/strong> (<em data-start=\"1235\" data-end=\"1248\">La Traviata<\/em>), <strong data-start=\"1251\" data-end=\"1262\">Mica\u00ebla<\/strong> (<em data-start=\"1264\" data-end=\"1272\">Carmen<\/em>), <strong data-start=\"1275\" data-end=\"1294\">Suor Genovieffa<\/strong> (<em data-start=\"1296\" data-end=\"1311\">Suor Angelica<\/em>),<\/li><li data-start=\"1316\" data-end=\"1429\">Vedlej\u0161\u00ed role v oper\u00e1ch <em data-start=\"1342\" data-end=\"1410\">Macbeth, Nabucco, Il Trovatore, Rigoletto, Madama Butterfly, Norma<\/em> a mnoha dal\u0161\u00edch.<\/li><\/ul><div>\u00a0<\/div><p data-start=\"1431\" data-end=\"1756\">Jako s\u00f3listka pravideln\u011b vystupuje v r\u00e1mci mezin\u00e1rodn\u00edch koncertn\u00edch projekt\u016f. Mezi jej\u00ed nejv\u00fdznamn\u011bj\u0161\u00ed koncertn\u00ed vystoupen\u00ed pat\u0159\u00ed s\u00e9rie <em data-start=\"1568\" data-end=\"1589\">Masters of Classics<\/em> v Praze, <em data-start=\"1599\" data-end=\"1624\">Temporada Internacional<\/em> v Chile, <em data-start=\"1634\" data-end=\"1654\">Night in the Opera<\/em> a <em data-start=\"1657\" data-end=\"1687\">Jewels of the European Opera<\/em> na Filip\u00edn\u00e1ch \u010di koncertn\u00ed turn\u00e9 v\u011bnovan\u00e9 hudb\u011b Ennia Morriconeho.<\/p>\t\t\t\t\t\t\t\t<\/div>\n\t\t\t\t<\/div>\n\t\t\t\t<\/div>\n\t\t<div class=\"elementor-element elementor-element-8a79db7 e-con-full e-flex e-con e-child\" data-id=\"8a79db7\" data-element_type=\"container\">\n\t\t<div class=\"elementor-element elementor-element-b23b349 e-con-full e-flex e-con e-child\" data-id=\"b23b349\" data-element_type=\"container\">\n\t\t\t\t<div class=\"elementor-element elementor-element-da5d5c4 elementor-widget elementor-widget-heading\" data-id=\"da5d5c4\" data-element_type=\"widget\" data-widget_type=\"heading.default\">\n\t\t\t\t<div class=\"elementor-widget-container\">\n\t\t\t\t\t<h2 class=\"elementor-heading-title elementor-size-default\">Hudebn\u00ed vzd\u011bl\u00e1n\u00ed a profesn\u00ed r\u016fst\n<\/h2>\t\t\t\t<\/div>\n\t\t\t\t<\/div>\n\t\t\t\t<div class=\"elementor-element elementor-element-b84cb1a elementor-widget elementor-widget-text-editor\" data-id=\"b84cb1a\" data-element_type=\"widget\" data-widget_type=\"text-editor.default\">\n\t\t\t\t<div class=\"elementor-widget-container\">\n\t\t\t\t\t\t\t\t\t<p data-start=\"1798\" data-end=\"2161\">Jej\u00ed hudebn\u00ed cesta za\u010dala ji\u017e v ran\u00e9m d\u011btstv\u00ed na ZU\u0160 Chrudim, kde objevila svou v\u00e1\u0161e\u0148 pro zp\u011bv. N\u00e1sledovalo studium na Soukrom\u00e9 konzervato\u0159i v Hradci Kr\u00e1lov\u00e9 a pozd\u011bji na Konzervato\u0159i v Pardubic\u00edch pod veden\u00edm profesorky Jany Hamplov\u00e9. Ji\u017e v t\u00e9to dob\u011b byla jej\u00ed mimo\u0159\u00e1dn\u00e1 muzikalita patrn\u00e1 a vedla k p\u0159estupu na Hudebn\u00ed fakultu Akademie m\u00fazick\u00fdch um\u011bn\u00ed v Praze.<\/p><p data-start=\"2163\" data-end=\"2564\">Na HAMU absolvovala bakal\u00e1\u0159sk\u00e9 a magistersk\u00e9 studium oboru opern\u00ed zp\u011bv pod veden\u00edm profesorky Jany Jon\u00e1\u0161ov\u00e9, kter\u00e9 zakon\u010dila st\u00e1tn\u00ed zkou\u0161kou a absolventsk\u00fdm koncertem s vyznamen\u00e1n\u00edm <em data-start=\"2345\" data-end=\"2362\">Magna cum Laude<\/em>. Sv\u00e9 um\u011bleck\u00e9 vzd\u011bl\u00e1n\u00ed d\u00e1le roz\u0161\u00ed\u0159ila na Hochschule f\u00fcr Musik \u201eCarl Maria von Weber\u201c v Dr\u00e1\u017e\u010fanech, kde se zdokonalovala pod veden\u00edm profesorky Gisely Burkhardt-M\u00fchlbach a profesora Andrease Baumanna.<\/p><p data-start=\"2566\" data-end=\"2914\">Jej\u00ed um\u011bleck\u00fd v\u00fdvoj formovala spolupr\u00e1ce s v\u00fdznamn\u00fdmi osobnostmi hudebn\u00edho sv\u011bta, jako jsou profesor Ji\u0159\u00ed Kotou\u010d, klav\u00edristka St\u00e1tn\u00ed opery Jelena Noskov\u00e1, barytonista Miguelangelo Cavalcanti \u010di KS profesor J\u00fcrgen Hartfiel. Tyto zku\u0161enosti j\u00ed umo\u017enily rozvinout nejen technickou preciznost, ale i hlubok\u00e9 interpreta\u010dn\u00ed porozum\u011bn\u00ed opern\u00edm postav\u00e1m.<\/p>\t\t\t\t\t\t\t\t<\/div>\n\t\t\t\t<\/div>\n\t\t\t\t<\/div>\n\t\t\t\t<\/div>\n\t\t<div class=\"elementor-element elementor-element-fd3b586 e-con-full e-flex e-con e-child\" data-id=\"fd3b586\" data-element_type=\"container\">\n\t\t<div class=\"elementor-element elementor-element-2707a0d e-con-full e-flex e-con e-child\" data-id=\"2707a0d\" data-element_type=\"container\">\n\t\t\t\t<div class=\"elementor-element elementor-element-30addf2 elementor-widget elementor-widget-heading\" data-id=\"30addf2\" data-element_type=\"widget\" data-widget_type=\"heading.default\">\n\t\t\t\t<div class=\"elementor-widget-container\">\n\t\t\t\t\t<h2 class=\"elementor-heading-title elementor-size-default\">Mezin\u00e1rodn\u00ed sout\u011b\u017ee a um\u011bleck\u00e9 \u00fasp\u011bchy\n<\/h2>\t\t\t\t<\/div>\n\t\t\t\t<\/div>\n\t\t\t\t<div class=\"elementor-element elementor-element-186b1f6 elementor-widget elementor-widget-text-editor\" data-id=\"186b1f6\" data-element_type=\"widget\" data-widget_type=\"text-editor.default\">\n\t\t\t\t<div class=\"elementor-widget-container\">\n\t\t\t\t\t\t\t\t\t<p data-start=\"2962\" data-end=\"3260\">Noema Erba se pravideln\u011b \u00fa\u010dastnila mezin\u00e1rodn\u00edch p\u011bveck\u00fdch sout\u011b\u017e\u00ed v N\u011bmecku, Rakousku a Rumunsku, kde byla oce\u0148ov\u00e1na pro sv\u016fj hlasov\u00fd rozsah, cit pro hudebn\u00ed v\u00fdraz a dramatickou p\u0159esv\u011bd\u010divost. Tyto sout\u011b\u017ee j\u00ed otev\u0159ely dve\u0159e k dal\u0161\u00edm anga\u017em\u00e1 v opern\u00edch domech a koncertn\u00edch s\u00e1lech po cel\u00e9m sv\u011bt\u011b.<\/p><p data-start=\"3262\" data-end=\"3517\">Vedle opern\u00ed sc\u00e9ny se v\u011bnuje tak\u00e9 interpretaci operetn\u00ed hudby a koncertn\u00ed \u010dinnosti. Jej\u00ed reperto\u00e1r zahrnuje nejen klasick\u00e1 d\u00edla, ale i v\u00fdb\u011br z filmov\u00e9 hudby a soudob\u00e9 kompozice, kter\u00e9 propojuje s opern\u00edm stylem, \u010d\u00edm\u017e oslovuje \u0161irok\u00e9 spektrum poslucha\u010d\u016f.<\/p>\t\t\t\t\t\t\t\t<\/div>\n\t\t\t\t<\/div>\n\t\t\t\t<\/div>\n\t\t\t\t<\/div>\n\t\t<div class=\"elementor-element elementor-element-c9ef2ac e-con-full e-flex e-con e-child\" data-id=\"c9ef2ac\" data-element_type=\"container\">\n\t\t<div class=\"elementor-element elementor-element-d565275 e-con-full e-flex e-con e-child\" data-id=\"d565275\" data-element_type=\"container\">\n\t\t\t\t<div class=\"elementor-element elementor-element-a6f74d7 elementor-widget elementor-widget-heading\" data-id=\"a6f74d7\" data-element_type=\"widget\" data-widget_type=\"heading.default\">\n\t\t\t\t<div class=\"elementor-widget-container\">\n\t\t\t\t\t<h2 class=\"elementor-heading-title elementor-size-default\">Um\u011bn\u00ed, kter\u00e9 spojuje\n<\/h2>\t\t\t\t<\/div>\n\t\t\t\t<\/div>\n\t\t\t\t<div class=\"elementor-element elementor-element-9556f1c elementor-widget elementor-widget-text-editor\" data-id=\"9556f1c\" data-element_type=\"widget\" data-widget_type=\"text-editor.default\">\n\t\t\t\t<div class=\"elementor-widget-container\">\n\t\t\t\t\t\t\t\t\t<p data-start=\"3547\" data-end=\"3801\">Ka\u017ed\u00e9 vystoupen\u00ed Noemy Erby je nejen hudebn\u00edm z\u00e1\u017eitkem, ale tak\u00e9 setk\u00e1n\u00edm s emocemi, p\u0159\u00edb\u011bhy a v\u00e1\u0161n\u00ed, kter\u00e9 jsou s operou neodmysliteln\u011b spjaty. Jej\u00ed interpretace si z\u00edsk\u00e1vaj\u00ed publikum po cel\u00e9m sv\u011bt\u011b a potvrzuj\u00ed, \u017ee hudba je univerz\u00e1ln\u00edm jazykem srdce.<\/p>\t\t\t\t\t\t\t\t<\/div>\n\t\t\t\t<\/div>\n\t\t\t\t<\/div>\n\t\t\t\t<\/div>\n\t\t<div class=\"elementor-element elementor-element-a9a7cb7 e-con-full e-flex e-con e-child\" data-id=\"a9a7cb7\" data-element_type=\"container\">\n\t\t\t\t<\/div>\n\t\t\t\t\t<\/div>\n\t\t\t\t<\/div>\n\t\t\t\t<\/div>\n\t\t","protected":false},"excerpt":{"rendered":"<p>Noema Erba \u2013 Sopranistka s v\u00e1\u0161n\u00ed pro operu Noema Erba je vyhled\u00e1van\u00e1 \u010desk\u00e1 sopranistka, kter\u00e1 si z\u00edskala mezin\u00e1rodn\u00ed uzn\u00e1n\u00ed d\u00edky sv\u00e9mu v\u00fdjime\u010dn\u00e9mu hlasu, dokonal\u00e9 tessitu\u0159e a emotivn\u00edmu projevu. Jej\u00ed interpretace spojuje technickou brilantnost s hlubok\u00fdm proc\u00edt\u011bn\u00edm ka\u017ed\u00e9 role, co\u017e ji \u010din\u00ed jedine\u010dnou na opern\u00ed sc\u00e9n\u011b. Publikum po cel\u00e9m sv\u011bt\u011b si podma\u0148uje svou v\u00e1\u0161n\u00ed pro hudbu, [&hellip;]<\/p>\n","protected":false},"author":1,"featured_media":0,"parent":0,"menu_order":0,"comment_status":"closed","ping_status":"closed","template":"","meta":{"footnotes":""},"class_list":["post-82","page","type-page","status-publish","hentry"],"_links":{"self":[{"href":"https:\/\/noemaerba.com\/index.php?rest_route=\/wp\/v2\/pages\/82","targetHints":{"allow":["GET"]}}],"collection":[{"href":"https:\/\/noemaerba.com\/index.php?rest_route=\/wp\/v2\/pages"}],"about":[{"href":"https:\/\/noemaerba.com\/index.php?rest_route=\/wp\/v2\/types\/page"}],"author":[{"embeddable":true,"href":"https:\/\/noemaerba.com\/index.php?rest_route=\/wp\/v2\/users\/1"}],"replies":[{"embeddable":true,"href":"https:\/\/noemaerba.com\/index.php?rest_route=%2Fwp%2Fv2%2Fcomments&post=82"}],"version-history":[{"count":43,"href":"https:\/\/noemaerba.com\/index.php?rest_route=\/wp\/v2\/pages\/82\/revisions"}],"predecessor-version":[{"id":556,"href":"https:\/\/noemaerba.com\/index.php?rest_route=\/wp\/v2\/pages\/82\/revisions\/556"}],"wp:attachment":[{"href":"https:\/\/noemaerba.com\/index.php?rest_route=%2Fwp%2Fv2%2Fmedia&parent=82"}],"curies":[{"name":"wp","href":"https:\/\/api.w.org\/{rel}","templated":true}]}}